{"id":3,"date":"2024-09-06T08:00:38","date_gmt":"2024-09-06T08:00:38","guid":{"rendered":"https:\/\/orchid-alpaca-334214.hostingersite.com\/?page_id=3"},"modified":"2025-01-18T14:40:00","modified_gmt":"2025-01-18T14:40:00","slug":"datenschutz","status":"publish","type":"page","link":"https:\/\/du-bednbreakfast.ch\/en\/datenschutz\/","title":{"rendered":"Privacy Policy"},"content":{"rendered":"<p>https:\/\/du-bednbreakfast<\/p>\n\n\n\n<p><\/p>\n\n\n\n<h2 class=\"wp-block-heading\">Datenschutzerkl\u00e4rung f\u00fcr die Nutzung der Website des Bed&amp;Breakfast DU<\/h2>\n\n\n\n<p>Wir nehmen den Schutz der Daten der Besucher*innen unserer Website ernst und verpflichten uns, die Informationen, die Nutzer*innen uns in Verbindung mit der Nutzung unserer Website zur<\/p>\n\n\n\n<p>Verf\u00fcgung stellen, zu sch\u00fctzen. Des Weiteren verpflichten wir uns, Ihre Daten gem\u00e4\u00df anwendbarem Recht zu sch\u00fctzen und zu verwenden.<\/p>\n\n\n\n<p>Welche Daten erfassen wir?<\/p>\n\n\n\n<p>\u2022 Nicht identifizierte und nicht identifizierbare Informationen, die Sie w\u00e4hrend des<\/p>\n\n\n\n<p>Registrierungsprozesses bereitstellen oder die \u00fcber die Nutzung unserer Dienste gesammelt<\/p>\n\n\n\n<p>werden (\u201enicht personenbezogene Daten\u201c). Nicht personenbezogene Daten lassen keine<\/p>\n\n\n\n<p>R\u00fcckschl\u00fcsse darauf zu, von wem sie erfasst wurden. Nicht personenbezogene Daten, die wir<\/p>\n\n\n\n<p>erfassen, bestehen haupts\u00e4chlich aus technischen und zusammengefassten<\/p>\n\n\n\n<p>Nutzungsinformationen.<\/p>\n\n\n\n<p>\u2022 Individuell identifizierbare Informationen, d. h. all jene, \u00fcber die man Sie identifizieren kann<\/p>\n\n\n\n<p>oder mit vertretbarem Aufwand identifizieren k\u00f6nnte (\u201epersonenbezogene Daten\u201c). Zu den<\/p>\n\n\n\n<p>personenbezogenen Daten, die wir \u00fcber unsere Dienste erfassen, k\u00f6nnen Informationen<\/p>\n\n\n\n<p>geh\u00f6ren, die von Zeit zu Zeit angefordert werden, wie Namen, E-Mail-Adressen, Adressen,<\/p>\n\n\n\n<p>Telefonnummern, IP-Adressen und mehr. Wenn wir personenbezogene mit nicht<\/p>\n\n\n\n<p>personenbezogenen Daten kombinieren, werden diese, solange sie in Kombination vorliegen,<\/p>\n\n\n\n<p>von uns als personenbezogene Daten behandelt.<\/p>\n\n\n\n<p>Wie sammeln wir Daten?<\/p>\n\n\n\n<p>\u2022 Wir erfassen Daten bei der Nutzung unserer Dienste. Wenn Sie also unsere digitalen Assets<\/p>\n\n\n\n<p>besuchen und Dienste nutzen, k\u00f6nnen wir die Nutzung, Sitzungen und die dazugeh\u00f6rigen<\/p>\n\n\n\n<p>Informationen sammeln, erfassen und speichern.<\/p>\n\n\n\n<p>\u2022 Wir erfassen Daten, die Sie uns selbst zur Verf\u00fcgung stellen, beispielsweise, wenn Sie \u00fcber<\/p>\n\n\n\n<p>einen Kommunikationskanal direkt mit uns Kontakt aufnehmen (z. B. eine E-Mail mit einem<\/p>\n\n\n\n<p>Kommentar oder Feedback).<\/p>\n\n\n\n<p>\u2022 Wir k\u00f6nnen, wie unten beschrieben, Daten aus Drittquellen erfassen.<\/p>\n\n\n\n<p>\u2022 Wir erfassen Daten, die Sie uns zur Verf\u00fcgung stellen, wenn Sie sich \u00fcber einen Drittanbieter<\/p>\n\n\n\n<p>wie Facebook oder Google bei unseren Diensten anmelden.<\/p>\n\n\n\n<p>Warum erfassen wir diese Daten?<\/p>\n\n\n\n<p>\u2022 um unsere Dienste zur Verf\u00fcgung zu stellen und zu betreiben;<\/p>\n\n\n\n<p>\u2022 um unsere Dienste zu entwickeln, anzupassen und zu verbessern;<\/p>\n\n\n\n<p>\u2022 um auf Ihr Feedback, Ihre Anfragen und W\u00fcnsche zu reagieren und Hilfe anzubieten;<\/p>\n\n\n\n<p>\u2022 um Anforderungs- und Nutzungsmuster zu analysieren;<\/p>\n\n\n\n<p>\u2022 f\u00fcr sonstige interne, statistische und Recherchezwecke;<\/p>\n\n\n\n<p>\u2022 um unsere M\u00f6glichkeiten zur Datensicherheit und Betrugspr\u00e4vention verbessern zu k\u00f6nnen;<\/p>\n\n\n\n<p>\u2022 um Verst\u00f6\u00dfe zu untersuchen und unsere Bedingungen und Richtlinien durchzusetzen sowie<\/p>\n\n\n\n<p>\u2022 um dem anwendbaren Recht, den Vorschriften bzw. beh\u00f6rdlichen Anordnungen zu<\/p>\n\n\n\n<p>entsprechen;<\/p>\n\n\n\n<p>\u2022 um Ihnen Aktualisierungen, Nachrichten, Werbematerial und sonstige Informationen im<\/p>\n\n\n\n<p>Zusammenhang mit unseren Diensten zu \u00fcbermitteln. Bei Werbe-E-Mails k\u00f6nnen Sie selbst<\/p>\n\n\n\n<p>entscheiden, ob Sie diese weiterhin erhalten m\u00f6chten. Wenn nicht, klicken Sie einfach auf<\/p>\n\n\n\n<p>den Abmeldelink in diesen E-Mails.<\/p>\n\n\n\n<p>An wen geben wir diese Daten weiter?<\/p>\n\n\n\n<p>\u2022 Wir k\u00f6nnen Ihre Daten an unsere Dienstleister weitergeben, um unsere Dienste zu betreiben<\/p>\n\n\n\n<p>(z. B. Speicherung von Daten \u00fcber Hosting-Dienste Dritter, Bereitstellung technischer<\/p>\n\n\n\n<p>Unterst\u00fctzung usw.).<\/p>\n\n\n\n<p>\u2022 Wir k\u00f6nnen Ihre Daten auch unter folgenden Umst\u00e4nden offenlegen:<\/p>\n\n\n\n<p>o um rechtswidrige Aktivit\u00e4ten oder sonstiges Fehlverhalten zu untersuchen,<\/p>\n\n\n\n<p>aufzudecken, zu verhindern oder dagegen vorzugehen;<\/p>\n\n\n\n<p>o um unsere Rechte auf Verteidigung zu begr\u00fcnden oder auszu\u00fcben;<\/p>\n\n\n\n<p>o um unsere Rechte, unser Eigentum oder unsere pers\u00f6nliche Sicherheit sowie die<\/p>\n\n\n\n<p>Sicherheit unserer Nutzer*innen oder der \u00d6ffentlichkeit zu sch\u00fctzen;<\/p>\n\n\n\n<p>o im Falle eines Kontrollwechsels bei uns oder bei einem unserer verbundenen<\/p>\n\n\n\n<p>Unternehmen (im Wege einer Verschmelzung, des Erwerbs oder Kaufs (im<\/p>\n\n\n\n<p>Wesentlichen) aller Verm\u00f6genswerte u. a.);<\/p>\n\n\n\n<p>o um Ihre Daten mittels befugter Drittanbieter*innen zu erfassen, vorzuhalten<\/p>\n\n\n\n<p>und\/oder zu verwalten (z. B. Cloud-Service-Anbieter*innen), soweit dies f\u00fcr<\/p>\n\n\n\n<p>gesch\u00e4ftliche Zwecke angemessen ist;<\/p>\n\n\n\n<p>o um mit Drittanbieter*innen gemeinsam an der Nutzungsverbesserung zu arbeiten.<\/p>\n\n\n\n<p>Zur Vermeidung von Missverst\u00e4ndnissen m\u00f6chten wir darauf hinweisen, dass wir<\/p>\n\n\n\n<p>nicht personenbezogene Daten nach eigenem Ermessen an Dritte \u00fcbermitteln bzw.<\/p>\n\n\n\n<p>weitergeben oder anderweitig verwenden k\u00f6nnen.<\/p>\n\n\n\n<p>\u2022 Wir werden Ihre E-Mail-Adresse oder andere personenbezogenen Daten nicht an<\/p>\n\n\n\n<p>Werbeunternehmen oder Werbenetzwerke weitergeben.<\/p>\n\n\n\n<p>Wo speichern wir die Daten?<\/p>\n\n\n\n<p>\u2022 Nicht personenbezogene Daten<\/p>\n\n\n\n<p>o Bitte beachten Sie, dass unsere Unternehmen sowie unsere vertrauensw\u00fcrdigen<\/p>\n\n\n\n<p>Partner*innen und Dienstanbieter*innen auf der ganzen Welt ans\u00e4ssig sind. Zu den<\/p>\n\n\n\n<p>in dieser Datenschutzrichtlinie erl\u00e4uterten Zwecke speichern und verarbeiten wir alle<\/p>\n\n\n\n<p>nicht personenbezogenen Daten, die wir erfassen, in unterschiedlichen<\/p>\n\n\n\n<p>Rechtsordnungen.<\/p>\n\n\n\n<p>\u2022 Personenbezogene Daten<\/p>\n\n\n\n<p>o Personenbezogene Daten k\u00f6nnen in den Vereinigten Staaten, in Irland, S\u00fcdkorea,<\/p>\n\n\n\n<p>Taiwan, Israel und soweit f\u00fcr die ordnungsgem\u00e4\u00dfe Bereitstellung unserer Diensteund\/oder gesetzlich vorgeschrieben (wie nachstehend weiter erl\u00e4utert) in anderen<\/p>\n\n\n\n<p>Rechtsordnungen gepflegt, verarbeitet und gespeichert werden.<\/p>\n\n\n\n<p>Wie sch\u00fctzen wir die Daten?<\/p>\n\n\n\n<p>\u2022 Der Hosting-Dienst f\u00fcr unserer digitalen Assets stellt uns die Online-Plattform zu Verf\u00fcgung,<\/p>\n\n\n\n<p>\u00fcber die wir Ihnen unsere Dienste anbieten k\u00f6nnen. Ihre Daten k\u00f6nnen \u00fcber die<\/p>\n\n\n\n<p>Datenspeicherung, Datenbanken und allgemeine Anwendungen unseres Hosting-Diensts<\/p>\n\n\n\n<p>gespeichert werden. Der Hosting-Dienst speichert Ihre Daten auf sicheren Servern hinter<\/p>\n\n\n\n<p>einer Firewall und er bietet sicheren HTTPS-Zugriff auf die meisten Bereiche seiner Dienste.<\/p>\n\n\n\n<p>\u2022 Ungeachtet der von uns und unserem Hosting-Dienst ergriffenen Ma\u00dfnahmen und<\/p>\n\n\n\n<p>Bem\u00fchungen k\u00f6nnen und werden wir keinen absoluten Schutz und keine absolute Sicherheit<\/p>\n\n\n\n<p>der Daten garantieren, die Sie hochladen, ver\u00f6ffentlichen oder anderweitig an uns oder<\/p>\n\n\n\n<p>andere weitergeben.<\/p>\n\n\n\n<p>Aus diesem Grund m\u00f6chten wir Sie bitten, sichere Passw\u00f6rter festzulegen und uns oder<\/p>\n\n\n\n<p>anderen nach M\u00f6glichkeit keine vertraulichen Informationen zu \u00fcbermitteln, deren<\/p>\n\n\n\n<p>Offenlegung Ihnen Ihrer Meinung nach erheblich bzw. nachhaltig schaden k\u00f6nnte. Da E-Mail<\/p>\n\n\n\n<p>und Instant Messaging nicht als sichere Kommunikationsformen gelten, bitten wir Sie<\/p>\n\n\n\n<p>au\u00dferdem, keine vertraulichen Informationen \u00fcber einen dieser Kommunikationskan\u00e4le<\/p>\n\n\n\n<p>weiterzugeben.<\/p>\n\n\n\n<p>Aktualisierungen oder \u00c4nderungen der Datenschutzrichtlinie<\/p>\n\n\n\n<p>\u2022 Wir k\u00f6nnen diese Datenschutzrichtlinie nach eigenem Ermessen von Zeit zu Zeit<\/p>\n\n\n\n<p>\u00fcberarbeiten, die auf der Website ver\u00f6ffentlichte Version ist immer aktuell. Wir bitten Sie,<\/p>\n\n\n\n<p>diese Datenschutzrichtlinie regelm\u00e4\u00dfig auf \u00c4nderungen zu \u00fcberpr\u00fcfen. Bei wesentlichen<\/p>\n\n\n\n<p>\u00c4nderungen werden wir einen Hinweis dazu auf unserer Website ver\u00f6ffentlichen. Wenn Sie<\/p>\n\n\n\n<p>die Dienste nach erfolgter Benachrichtigung \u00fcber \u00c4nderungen auf unsere Website weiter<\/p>\n\n\n\n<p>nutzen, gilt dies als Ihre Best\u00e4tigung und Zustimmung zu den \u00c4nderungen der<\/p>\n\n\n\n<p>Datenschutzrichtlinie und Ihr Einverst\u00e4ndnis an die Bedingungen dieser \u00c4nderungen.<\/p>","protected":false},"excerpt":{"rendered":"<p>https:\/\/du-bednbreakfast Datenschutzerkl\u00e4rung f\u00fcr die Nutzung der Website des Bed&amp;Breakfast DU Wir nehmen den Schutz der Daten der Besucher*innen unserer Website ernst und verpflichten uns, die Informationen, die Nutzer*innen uns in Verbindung mit der Nutzung unserer Website zur Verf\u00fcgung stellen, zu sch\u00fctzen. Des Weiteren verpflichten wir uns, Ihre Daten gem\u00e4\u00df anwendbarem Recht zu sch\u00fctzen und zu [&hellip;]<\/p>\n","protected":false},"author":1,"featured_media":0,"parent":0,"menu_order":0,"comment_status":"closed","ping_status":"closed","template":"","meta":{"_uag_custom_page_level_css":"","site-sidebar-layout":"default","site-content-layout":"","ast-site-content-layout":"default","site-content-style":"default","site-sidebar-style":"default","ast-global-header-display":"","ast-banner-title-visibility":"","ast-main-header-display":"","ast-hfb-above-header-display":"","ast-hfb-below-header-display":"","ast-hfb-mobile-header-display":"","site-post-title":"","ast-breadcrumbs-content":"","ast-featured-img":"","footer-sml-layout":"","ast-disable-related-posts":"","theme-transparent-header-meta":"","adv-header-id-meta":"","stick-header-meta":"","header-above-stick-meta":"","header-main-stick-meta":"","header-below-stick-meta":"","astra-migrate-meta-layouts":"set","ast-page-background-enabled":"default","ast-page-background-meta":{"desktop":{"background-color":"var(--ast-global-color-4)","background-image":"","background-repeat":"repeat","background-position":"center center","background-size":"auto","background-attachment":"scroll","background-type":"","background-media":"","overlay-type":"","overlay-color":"","overlay-opacity":"","overlay-gradient":""},"tablet":{"background-color":"","background-image":"","background-repeat":"repeat","background-position":"center center","background-size":"auto","background-attachment":"scroll","background-type":"","background-media":"","overlay-type":"","overlay-color":"","overlay-opacity":"","overlay-gradient":""},"mobile":{"background-color":"","background-image":"","background-repeat":"repeat","background-position":"center center","background-size":"auto","background-attachment":"scroll","background-type":"","background-media":"","overlay-type":"","overlay-color":"","overlay-opacity":"","overlay-gradient":""}},"ast-content-background-meta":{"desktop":{"background-color":"var(--ast-global-color-5)","background-image":"","background-repeat":"repeat","background-position":"center center","background-size":"auto","background-attachment":"scroll","background-type":"","background-media":"","overlay-type":"","overlay-color":"","overlay-opacity":"","overlay-gradient":""},"tablet":{"background-color":"var(--ast-global-color-5)","background-image":"","background-repeat":"repeat","background-position":"center center","background-size":"auto","background-attachment":"scroll","background-type":"","background-media":"","overlay-type":"","overlay-color":"","overlay-opacity":"","overlay-gradient":""},"mobile":{"background-color":"var(--ast-global-color-5)","background-image":"","background-repeat":"repeat","background-position":"center center","background-size":"auto","background-attachment":"scroll","background-type":"","background-media":"","overlay-type":"","overlay-color":"","overlay-opacity":"","overlay-gradient":""}},"footnotes":""},"class_list":["post-3","page","type-page","status-publish","hentry"],"aioseo_notices":[],"uagb_featured_image_src":{"full":false,"thumbnail":false,"medium":false,"medium_large":false,"large":false,"1536x1536":false,"2048x2048":false,"trp-custom-language-flag":false},"uagb_author_info":{"display_name":"liliatabea@gmail.com","author_link":"https:\/\/du-bednbreakfast.ch\/en\/author\/liliatabeagmail-com\/"},"uagb_comment_info":0,"uagb_excerpt":"https:\/\/du-bednbreakfast Datenschutzerkl\u00e4rung f\u00fcr die Nutzung der Website des Bed&amp;Breakfast DU Wir nehmen den Schutz der Daten der Besucher*innen unserer Website ernst und verpflichten uns, die Informationen, die Nutzer*innen uns in Verbindung mit der Nutzung unserer Website zur Verf\u00fcgung stellen, zu sch\u00fctzen. Des Weiteren verpflichten wir uns, Ihre Daten gem\u00e4\u00df anwendbarem Recht zu sch\u00fctzen und zu&hellip;","_links":{"self":[{"href":"https:\/\/du-bednbreakfast.ch\/en\/wp-json\/wp\/v2\/pages\/3","targetHints":{"allow":["GET"]}}],"collection":[{"href":"https:\/\/du-bednbreakfast.ch\/en\/wp-json\/wp\/v2\/pages"}],"about":[{"href":"https:\/\/du-bednbreakfast.ch\/en\/wp-json\/wp\/v2\/types\/page"}],"author":[{"embeddable":true,"href":"https:\/\/du-bednbreakfast.ch\/en\/wp-json\/wp\/v2\/users\/1"}],"replies":[{"embeddable":true,"href":"https:\/\/du-bednbreakfast.ch\/en\/wp-json\/wp\/v2\/comments?post=3"}],"version-history":[{"count":4,"href":"https:\/\/du-bednbreakfast.ch\/en\/wp-json\/wp\/v2\/pages\/3\/revisions"}],"predecessor-version":[{"id":3721,"href":"https:\/\/du-bednbreakfast.ch\/en\/wp-json\/wp\/v2\/pages\/3\/revisions\/3721"}],"wp:attachment":[{"href":"https:\/\/du-bednbreakfast.ch\/en\/wp-json\/wp\/v2\/media?parent=3"}],"curies":[{"name":"wp","href":"https:\/\/api.w.org\/{rel}","templated":true}]}}