{"id":2607,"date":"2024-10-08T14:01:00","date_gmt":"2024-10-08T14:01:00","guid":{"rendered":"https:\/\/du-bednbreakfast.ch\/?page_id=2607"},"modified":"2024-12-08T08:55:14","modified_gmt":"2024-12-08T08:55:14","slug":"impressum","status":"publish","type":"page","link":"https:\/\/du-bednbreakfast.ch\/en\/impressum\/","title":{"rendered":"Imprint"},"content":{"rendered":"<div class=\"wp-block-uagb-container uagb-block-7edf008b alignfull uagb-is-root-container\"><div class=\"uagb-container-inner-blocks-wrap\">\n<h2 class=\"wp-block-heading\"><strong>Imprint<\/strong><\/h2>\n\n\n\n<p><strong>Verantwortliche Instanz:<\/strong><br>Ursula Streule &amp; Dennis Kucina<br>Sch\u00fctzenmattstrasse 81<br>4051 Basel<br>Schweiz<br>E-Mail:&nbsp;<a href=\"mailto:hi@du-bednbreakfast.ch\">hi@du-bednbreakfast.ch<\/a><\/p>\n\n\n\n<div class=\"wp-block-uagb-separator uagb-block-0ec04646\"><div class=\"wp-block-uagb-separator__inner\" style=\"--my-background-image:\"><\/div><\/div>\n\n\n\n<p><strong>Logo, CI and Website<\/strong><br><a href=\"http:\/\/www.lrvc.ch\/en\" target=\"_blank\" rel=\"noopener\" title=\"\">Lilia Rusterholtz<\/a>, visual communication<\/p>\n\n\n\n<p>CMS: <a href=\"https:\/\/wordpress.org\/\" target=\"_blank\" rel=\"noopener\" title=\"\">WordPress<\/a><\/p>\n\n\n\n<p>Theme: <a href=\"https:\/\/wpastra.com\/\" target=\"_blank\" rel=\"noopener\" title=\"\">Astra<\/a><\/p>\n\n\n\n<div class=\"wp-block-uagb-separator uagb-block-2e622282\"><div class=\"wp-block-uagb-separator__inner\" style=\"--my-background-image:\"><\/div><\/div>\n\n\n\n<p><strong>Bilder:<\/strong><br>&#8211; Haus: Brillux Schweiz AG \/ Oliver Kern Fotografie<br>&#8211; Stadt: Switzerland Tourism, Ariel Huber, Max Leitner<br><br><strong>Haftungsausschluss<\/strong><br>Der Autor \u00fcbernimmt keine Gew\u00e4hr f\u00fcr die Richtigkeit, Genauigkeit, Aktualit\u00e4t, Zuverl\u00e4ssigkeit und Vollst\u00e4ndigkeit der Informationen.<br>Haftungsanspr\u00fcche gegen den Autor wegen Sch\u00e4den materieller oder immaterieller Art, die aus dem Zugriff oder der Nutzung bzw. Nichtnutzung der ver\u00f6ffentlichten Informationen, durch Missbrauch der Verbindung oder durch technische St\u00f6rungen entstanden sind, werden ausgeschlossen.<br><br>Alle Angebote sind freibleibend. Der Autor beh\u00e4lt es sich ausdr\u00fccklich vor, Teile der Seiten oder das gesamte Angebot ohne gesonderte Ank\u00fcndigung zu ver\u00e4ndern, zu erg\u00e4nzen, zu l\u00f6schen oder die Ver\u00f6ffentlichung zeitweise oder endg\u00fcltig einzustellen.<br><br><strong>Haftungsausschluss f\u00fcr Inhalte und Links<\/strong><br>Verweise und Links auf Webseiten Dritter liegen ausserhalb unseres Verantwortungsbereichs. Es wird jegliche Verantwortung f\u00fcr solche Webseiten abgelehnt. Der Zugriff und die Nutzung solcher Webseiten erfolgen auf eigene Gefahr des jeweiligen Nutzers.<br><br><strong>Urheberrechtserkl\u00e4rung<\/strong><br>Die Urheber- und alle anderen Rechte an Inhalten, Bildern, Fotos oder anderen Dateien auf dieser Website, geh\u00f6ren ausschliesslich Ursula Streule &amp; Dennis Kucina oder den speziell genannten Rechteinhabern. F\u00fcr die Reproduktion jeglicher Elemente ist die schriftliche Zustimmung des Urheberrechtstr\u00e4gers im Voraus einzuholen.<br><br><strong>Quelle<\/strong>:&nbsp;<a href=\"https:\/\/brainbox.swiss\/\">BrainBox Solutions<\/a><\/p>\n\n\n\n<p><\/p>\n<\/div><\/div>","protected":false},"excerpt":{"rendered":"<p>Impressum Verantwortliche Instanz:Ursula Streule &amp; Dennis KucinaSch\u00fctzenmattstrasse 814051 BaselSchweizE-Mail:&nbsp;hi@du-bednbreakfast.ch Logo, CI und Website:Lilia Rusterholtz, visuelle Kommunikation CMS: WordPress Theme: Astra Bilder:&#8211; Haus: Brillux Schweiz AG \/ Oliver Kern Fotografie&#8211; Stadt: Switzerland Tourism, Ariel Huber, Max Leitner HaftungsausschlussDer Autor \u00fcbernimmt keine Gew\u00e4hr f\u00fcr die Richtigkeit, Genauigkeit, Aktualit\u00e4t, Zuverl\u00e4ssigkeit und Vollst\u00e4ndigkeit der Informationen.Haftungsanspr\u00fcche gegen den Autor wegen [&hellip;]<\/p>\n","protected":false},"author":1,"featured_media":0,"parent":0,"menu_order":0,"comment_status":"closed","ping_status":"closed","template":"","meta":{"_uag_custom_page_level_css":"","site-sidebar-layout":"default","site-content-layout":"","ast-site-content-layout":"default","site-content-style":"default","site-sidebar-style":"default","ast-global-header-display":"","ast-banner-title-visibility":"","ast-main-header-display":"","ast-hfb-above-header-display":"","ast-hfb-below-header-display":"","ast-hfb-mobile-header-display":"","site-post-title":"disabled","ast-breadcrumbs-content":"","ast-featured-img":"","footer-sml-layout":"","ast-disable-related-posts":"","theme-transparent-header-meta":"","adv-header-id-meta":"","stick-header-meta":"","header-above-stick-meta":"","header-main-stick-meta":"","header-below-stick-meta":"","astra-migrate-meta-layouts":"set","ast-page-background-enabled":"default","ast-page-background-meta":{"desktop":{"background-color":"var(--ast-global-color-4)","background-image":"","background-repeat":"repeat","background-position":"center center","background-size":"auto","background-attachment":"scroll","background-type":"","background-media":"","overlay-type":"","overlay-color":"","overlay-opacity":"","overlay-gradient":""},"tablet":{"background-color":"","background-image":"","background-repeat":"repeat","background-position":"center center","background-size":"auto","background-attachment":"scroll","background-type":"","background-media":"","overlay-type":"","overlay-color":"","overlay-opacity":"","overlay-gradient":""},"mobile":{"background-color":"","background-image":"","background-repeat":"repeat","background-position":"center center","background-size":"auto","background-attachment":"scroll","background-type":"","background-media":"","overlay-type":"","overlay-color":"","overlay-opacity":"","overlay-gradient":""}},"ast-content-background-meta":{"desktop":{"background-color":"var(--ast-global-color-5)","background-image":"","background-repeat":"repeat","background-position":"center center","background-size":"auto","background-attachment":"scroll","background-type":"","background-media":"","overlay-type":"","overlay-color":"","overlay-opacity":"","overlay-gradient":""},"tablet":{"background-color":"var(--ast-global-color-5)","background-image":"","background-repeat":"repeat","background-position":"center center","background-size":"auto","background-attachment":"scroll","background-type":"","background-media":"","overlay-type":"","overlay-color":"","overlay-opacity":"","overlay-gradient":""},"mobile":{"background-color":"var(--ast-global-color-5)","background-image":"","background-repeat":"repeat","background-position":"center center","background-size":"auto","background-attachment":"scroll","background-type":"","background-media":"","overlay-type":"","overlay-color":"","overlay-opacity":"","overlay-gradient":""}},"footnotes":""},"class_list":["post-2607","page","type-page","status-publish","hentry"],"aioseo_notices":[],"uagb_featured_image_src":{"full":false,"thumbnail":false,"medium":false,"medium_large":false,"large":false,"1536x1536":false,"2048x2048":false,"trp-custom-language-flag":false},"uagb_author_info":{"display_name":"liliatabea@gmail.com","author_link":"https:\/\/du-bednbreakfast.ch\/en\/author\/liliatabeagmail-com\/"},"uagb_comment_info":0,"uagb_excerpt":"Impressum Verantwortliche Instanz:Ursula Streule &amp; Dennis KucinaSch\u00fctzenmattstrasse 814051 BaselSchweizE-Mail:&nbsp;hi@du-bednbreakfast.ch Logo, CI und Website:Lilia Rusterholtz, visuelle Kommunikation CMS: WordPress Theme: Astra Bilder:&#8211; Haus: Brillux Schweiz AG \/ Oliver Kern Fotografie&#8211; Stadt: Switzerland Tourism, Ariel Huber, Max Leitner HaftungsausschlussDer Autor \u00fcbernimmt keine Gew\u00e4hr f\u00fcr die Richtigkeit, Genauigkeit, Aktualit\u00e4t, Zuverl\u00e4ssigkeit und Vollst\u00e4ndigkeit der Informationen.Haftungsanspr\u00fcche gegen den Autor wegen&hellip;","_links":{"self":[{"href":"https:\/\/du-bednbreakfast.ch\/en\/wp-json\/wp\/v2\/pages\/2607","targetHints":{"allow":["GET"]}}],"collection":[{"href":"https:\/\/du-bednbreakfast.ch\/en\/wp-json\/wp\/v2\/pages"}],"about":[{"href":"https:\/\/du-bednbreakfast.ch\/en\/wp-json\/wp\/v2\/types\/page"}],"author":[{"embeddable":true,"href":"https:\/\/du-bednbreakfast.ch\/en\/wp-json\/wp\/v2\/users\/1"}],"replies":[{"embeddable":true,"href":"https:\/\/du-bednbreakfast.ch\/en\/wp-json\/wp\/v2\/comments?post=2607"}],"version-history":[{"count":29,"href":"https:\/\/du-bednbreakfast.ch\/en\/wp-json\/wp\/v2\/pages\/2607\/revisions"}],"predecessor-version":[{"id":3677,"href":"https:\/\/du-bednbreakfast.ch\/en\/wp-json\/wp\/v2\/pages\/2607\/revisions\/3677"}],"wp:attachment":[{"href":"https:\/\/du-bednbreakfast.ch\/en\/wp-json\/wp\/v2\/media?parent=2607"}],"curies":[{"name":"wp","href":"https:\/\/api.w.org\/{rel}","templated":true}]}}