{"id":1328,"date":"2024-09-06T08:01:43","date_gmt":"2024-09-06T08:01:43","guid":{"rendered":"https:\/\/orchid-alpaca-334214.hostingersite.com\/contact\/"},"modified":"2025-04-07T08:31:31","modified_gmt":"2025-04-07T08:31:31","slug":"buchen","status":"publish","type":"page","link":"https:\/\/du-bednbreakfast.ch\/en\/buchen\/","title":{"rendered":"Book"},"content":{"rendered":"<div class=\"wp-block-uagb-container uagb-block-93b94c88 alignfull uagb-is-root-container\">\n<div class=\"wp-block-uagb-advanced-heading uagb-block-8a1eebc0\"><h1 class=\"uagb-heading-text\">Plan your visit<\/h1><\/div>\n<\/div>\n\n\n\n<div class=\"wp-block-uagb-container uagb-block-38acfde5 alignfull uagb-is-root-container\"><div class=\"uagb-container-inner-blocks-wrap\">\n<div class=\"wp-block-uagb-container uagb-block-f90eb0ef\">\n<h2 class=\"wp-block-heading\">Choose the option that suits you<\/h2>\n\n\n\n<p class=\"translation-block\">Let us know for which dates you would like to book and which room best suits your needs!<br><br>\nYou can find the room prices below. They include breakfast and are shown as single\/double occupancy.<br><br>\n\nPlease note that the amount may vary for major events (rates on request) and that it is due two weeks before departure.<br><br>\n\nThe offer includes the BaselCard, which provides free travel on buses and trams and discounts on numerous attractions.<\/p>\n<\/div>\n\n\n\n<div class=\"wp-block-uagb-container uag-hide-mob uagb-block-385c4d69\">\n<div class=\"wp-block-uagb-container uagb-block-d4885c4a\">\n<div class=\"wp-block-uagb-separator uagb-block-d6b10cff\"><div class=\"uagb-separator-spacing-wrapper\"><div class=\"wp-block-uagb-separator__inner\" style=\"--my-background-image:\"><\/div><\/div><\/div>\n\n\n\n<div class=\"wp-block-uagb-image alignleft uagb-block-bf372c8d wp-block-uagb-image--layout-default wp-block-uagb-image--effect-static wp-block-uagb-image--align-left aligncenter\"><figure class=\"wp-block-uagb-image__figure\"><img decoding=\"async\" srcset=\"https:\/\/du-bednbreakfast.ch\/wp-content\/uploads\/2024\/09\/BX_Basel-Schuetzenmattstrasse-05-1024x683.jpg ,https:\/\/du-bednbreakfast.ch\/wp-content\/uploads\/2024\/09\/BX_Basel-Schuetzenmattstrasse-05-scaled.jpg 780w, https:\/\/du-bednbreakfast.ch\/wp-content\/uploads\/2024\/09\/BX_Basel-Schuetzenmattstrasse-05-scaled.jpg 360w\" sizes=\"auto, (max-width: 480px) 150px\" src=\"https:\/\/du-bednbreakfast.ch\/wp-content\/uploads\/2024\/09\/BX_Basel-Schuetzenmattstrasse-05-1024x683.jpg\" alt=\"\" class=\"uag-image-2275\" width=\"350\" height=\"350\" title=\"\" loading=\"lazy\" role=\"presentation\"\/><\/figure><\/div>\n\n\n\n<div class=\"wp-block-uagb-separator uagb-block-0ddcb628 uag-hide-tab uag-hide-mob\"><div class=\"uagb-separator-spacing-wrapper\"><div class=\"wp-block-uagb-separator__inner\" style=\"--my-background-image:\"><\/div><\/div><\/div>\n<\/div>\n\n\n\n<div class=\"wp-block-uagb-container uag-hide-mob uagb-block-657beeef\">\n<div class=\"wp-block-uagb-separator uagb-block-052cd088\"><div class=\"uagb-separator-spacing-wrapper\"><div class=\"wp-block-uagb-separator__inner\" style=\"--my-background-image:\"><\/div><\/div><\/div>\n<\/div>\n\n\n\n<div class=\"wp-block-uagb-container uagb-block-a0e983fe\">\n<div class=\"wp-block-uagb-image uagb-block-4b9b5d63 wp-block-uagb-image--layout-default wp-block-uagb-image--effect-static wp-block-uagb-image--align-none aligncenter\"><figure class=\"wp-block-uagb-image__figure\"><img decoding=\"async\" srcset=\"https:\/\/du-bednbreakfast.ch\/wp-content\/uploads\/2024\/09\/BX_Basel-Schuetzenmattstrasse-04-1024x684.jpg ,https:\/\/orchid-alpaca-334214.hostingersite.com\/wp-content\/uploads\/2024\/09\/BX_Basel-Schuetzenmattstrasse-04-scaled.jpg 780w, https:\/\/orchid-alpaca-334214.hostingersite.com\/wp-content\/uploads\/2024\/09\/BX_Basel-Schuetzenmattstrasse-04-scaled.jpg 360w\" sizes=\"auto, (max-width: 480px) 150px\" src=\"https:\/\/du-bednbreakfast.ch\/wp-content\/uploads\/2024\/09\/BX_Basel-Schuetzenmattstrasse-04-1024x684.jpg\" alt=\"\" class=\"uag-image-2276\" width=\"350\" height=\"350\" title=\"\" loading=\"lazy\" role=\"presentation\"\/><\/figure><\/div>\n<\/div>\n<\/div>\n<\/div><\/div>\n\n\n\n<div class=\"wp-block-uagb-container uag-hide-mob uagb-block-0c4f377c alignfull uagb-is-root-container\"><div class=\"uagb-container-inner-blocks-wrap\">\n<div class=\"wp-block-uagb-container uag-hide-mob uagb-block-4130f5da\">\n<div class=\"wp-block-gutenbergp5-p5js gutenbergp5-align-center\"><iframe srcdoc=\"        <!DOCTYPE html&gt;        <html&gt;            <body style=&quot;padding: 0; margin: 0;&quot;&gt;<\/body&gt;            <script src=&quot;https:\/\/du-bednbreakfast.ch\/wp-content\/plugins\/easy-p5-js-block\/\/assets\/js\/p5.min.js&quot;&gt;<\/script&gt;\n            <script&gt;\n                function setup() {\n  createCanvas(1200, 300);\n  background(255);\n  smooth();\n  frameRate(4);\n  colorMode(HSB); \/\/ Set color mode to HSB\n}\n\nfunction draw() {\nnoStroke()\nlet h = random(230); \/\/ Random hue between 0 and xxx\n  let s = random(30, 70); \/\/ Random saturation between a% and b%\n  let b = random(30, 50); \/\/ Random brightness between a% and b%\n  let a = random(0.01, 0.75); \/\/ Random alpha between a% and b%\n  let x = random(30, 1170);\n  let y = random(30, 270);\n  let diam = random(4, 25);  fill(h, s, b, a); \/\/ Use HSB values for fill\n  drawHexagon(x, y, diam);\n}\n\nfunction drawHexagon(x, y, radius) {\n  beginShape();\n  for (let i = 0; i < 6; i++) {\n    let angle = TWO_PI \/ 6 * i + PI \/ 6; \/\/ Rotate hexagon by 90 degrees\n    let xOffset = cos(angle) * radius; \/\/ X offset\n    let yOffset = sin(angle) * radius; \/\/ Y offset\n    vertex(x + xOffset, y + yOffset); \/\/ Create vertex\n  }\n  endShape(CLOSE); \/\/ Complete the shape\n}\n\n            <\/script&gt;\n        <\/html&gt;\" sandbox=\"allow-scripts allow-same-origin\" scrolling=\"no\" style=\"overflow:hidden;\" width=\"\" height=\"\" class=\"\" title=\"p5.js canvas\"><\/iframe><\/div><\/div><\/div><\/div><div class=\"wp-block-uagb-container uagb-block-aec2f01a alignfull uagb-is-root-container\"><div class=\"uagb-container-inner-blocks-wrap\">\n<div class=\"wp-block-uagb-container uagb-block-3d3fa5ca\">\n<div class=\"wp-block-uagb-container uagb-block-37e219b8\">\n<div class=\"wp-block-uagb-container uagb-block-37d03238\">\n<div class=\"wp-block-uagb-image aligncenter uagb-block-0c57db4f wp-block-uagb-image--layout-default wp-block-uagb-image--effect-static wp-block-uagb-image--align-center uag-hide-mob\"><figure class=\"wp-block-uagb-image__figure\"><img decoding=\"async\" srcset=\"https:\/\/du-bednbreakfast.ch\/wp-content\/uploads\/2024\/11\/BX_Basel-Schuetzenmattstrasse-033-1024x683.jpg ,https:\/\/du-bednbreakfast.ch\/wp-content\/uploads\/2024\/11\/BX_Basel-Schuetzenmattstrasse-033-scaled.jpg 780w, https:\/\/du-bednbreakfast.ch\/wp-content\/uploads\/2024\/11\/BX_Basel-Schuetzenmattstrasse-033-scaled.jpg 360w\" sizes=\"auto, (max-width: 480px) 150px\" src=\"https:\/\/du-bednbreakfast.ch\/wp-content\/uploads\/2024\/11\/BX_Basel-Schuetzenmattstrasse-033-1024x683.jpg\" alt=\"\" class=\"uag-image-3025\" width=\"350\" height=\"350\" title=\"\" loading=\"lazy\" role=\"presentation\"\/><\/figure><\/div>\n\n\n\n<div class=\"wp-block-uagb-separator uagb-block-ad9b22d6 uag-hide-tab uag-hide-mob\"><div class=\"uagb-separator-spacing-wrapper\"><div class=\"wp-block-uagb-separator__inner\" style=\"--my-background-image:\"><\/div><\/div><\/div>\n<\/div>\n\n\n\n<div class=\"wp-block-uagb-container uagb-block-517bec5d\">\n<div class=\"wp-block-uagb-separator uagb-block-fb9ca953 uag-hide-tab uag-hide-mob\"><div class=\"uagb-separator-spacing-wrapper\"><div class=\"wp-block-uagb-separator__inner\" style=\"--my-background-image:\"><\/div><\/div><\/div>\n\n\n\n<div class=\"wp-block-uagb-separator uagb-block-c14a5960 uag-hide-tab uag-hide-mob\"><div class=\"uagb-separator-spacing-wrapper\"><div class=\"wp-block-uagb-separator__inner\" style=\"--my-background-image:\"><\/div><\/div><\/div>\n\n\n\n<div class=\"wp-block-uagb-image aligncenter uagb-block-1e424ae0 wp-block-uagb-image--layout-default wp-block-uagb-image--effect-static wp-block-uagb-image--align-center\"><figure class=\"wp-block-uagb-image__figure\"><img decoding=\"async\" srcset=\"https:\/\/du-bednbreakfast.ch\/wp-content\/uploads\/2024\/11\/BX_Basel-Schuetzenmattstrasse-025-scaled-e1732722131103-784x1024.jpg ,https:\/\/du-bednbreakfast.ch\/wp-content\/uploads\/2024\/11\/BX_Basel-Schuetzenmattstrasse-025-scaled.jpg 780w, https:\/\/du-bednbreakfast.ch\/wp-content\/uploads\/2024\/11\/BX_Basel-Schuetzenmattstrasse-025-scaled-e1732722131103-784x1024.jpg 360w\" sizes=\"auto, (max-width: 480px) 150px\" src=\"https:\/\/du-bednbreakfast.ch\/wp-content\/uploads\/2024\/11\/BX_Basel-Schuetzenmattstrasse-025-scaled-e1732722131103-784x1024.jpg\" alt=\"\" class=\"uag-image-3023\" width=\"350\" height=\"350\" title=\"\" loading=\"lazy\" role=\"presentation\"\/><\/figure><\/div>\n<\/div>\n<\/div>\n\n\n\n<div class=\"wp-block-uagb-container uagb-block-20236377 default uagb-is-root-container\">\n<h2 class=\"wp-block-heading has-text-align-left\">Room prices<\/h2>\n\n\n\n<p>Single \/ Double<\/p>\n\n\n\n<div class=\"wp-block-uagb-info-box uagb-block-567f2913 uagb-infobox__content-wrap  uagb-infobox-icon-above-title uagb-infobox-image-valign-top\"><div class=\"uagb-ifb-content\"><div class=\"uagb-ifb-title-wrap\"><p class=\"uagb-ifb-title\">ROOM 'IVORY &amp; CRIMSON'<\/p><\/div><p class=\"uagb-ifb-desc\">180.\u2013 \/ 200.\u2013 SFr.<br>(first night)<br>150.\u2013 \/ 170.\u2013 SFr. <br>(following nights)<\/p><\/div><\/div>\n\n\n\n<div class=\"wp-block-uagb-info-box uagb-block-fa882a61 uagb-infobox__content-wrap  uagb-infobox-icon-above-title uagb-infobox-image-valign-top\"><div class=\"uagb-ifb-content\"><div class=\"uagb-ifb-title-wrap\"><p class=\"uagb-ifb-title\">ROOM 'BLUSH &amp; FOREST'<\/p><\/div><p class=\"uagb-ifb-desc\">220.\u2013 \/ 240.\u2013 SFr. <br>(first night)<br>190.\u2013 \/ 210.\u2013 SFr.  <br>(following nights)<\/p><\/div><\/div>\n\n\n\n<div class=\"wp-block-uagb-info-box uagb-block-6400d1c9 uagb-infobox__content-wrap  uagb-infobox-icon-above-title uagb-infobox-image-valign-top\"><div class=\"uagb-ifb-content\"><div class=\"uagb-ifb-title-wrap\"><p class=\"uagb-ifb-title\">ROOM 'SHADES &amp; SUNLIGHT'<\/p><\/div><p class=\"uagb-ifb-desc\">240.\u2013 \/ 260.\u2013 SFr.<br>(first night)<br>210.\u2013 \/ 230.\u2013 SFr. <br>(following nights)<\/p><\/div><\/div>\n<\/div>\n<\/div>\n<\/div><\/div>\n\n\n\n<div class=\"wp-block-uagb-container uagb-block-0c4f377c alignfull uagb-is-root-container\"><div class=\"uagb-container-inner-blocks-wrap\">\n<div class=\"wp-block-uagb-container uag-hide-desktop uag-hide-tab uagb-block-f2c6741d alignfull uagb-is-root-container\"><div class=\"uagb-container-inner-blocks-wrap\">\n<div class=\"wp-block-gutenbergp5-p5js gutenbergp5-align-center\"><iframe srcdoc=\"        <!DOCTYPE html&gt;        <html&gt;            <body style=&quot;padding: 0; margin: 0;&quot;&gt;<\/body&gt;            <script src=&quot;https:\/\/du-bednbreakfast.ch\/wp-content\/plugins\/easy-p5-js-block\/\/assets\/js\/p5.min.js&quot;&gt;<\/script&gt;\n            <script&gt;\n                function setup() {\n  createCanvas(400, 300);\n  background(255);\n  smooth();\n  frameRate(4);\n  colorMode(HSB); \/\/ Set color mode to HSB\n}\n\nfunction draw() {\nnoStroke()\nlet h = random(230); \/\/ Random hue between 0 and xxx\n  let s = random(30, 70); \/\/ Random saturation between a% and b%\n  let b = random(30, 50); \/\/ Random brightness between a% and b%\n  let a = random(0.01, 0.75); \/\/ Random alpha between a% and b%\n  let x = random(30, 370);\n  let y = random(30, 270);\n  let diam = random(4, 25);  fill(h, s, b, a); \/\/ Use HSB values for fill\n  drawHexagon(x, y, diam);\n}\n\nfunction drawHexagon(x, y, radius) {\n  beginShape();\n  for (let i = 0; i < 6; i++) {\n    let angle = TWO_PI \/ 6 * i + PI \/ 6; \/\/ Rotate hexagon by 90 degrees\n    let xOffset = cos(angle) * radius; \/\/ X offset\n    let yOffset = sin(angle) * radius; \/\/ Y offset\n    vertex(x + xOffset, y + yOffset); \/\/ Create vertex\n  }\n  endShape(CLOSE); \/\/ Complete the shape\n}\n\n            <\/script&gt;\n        <\/html&gt;\" sandbox=\"allow-scripts allow-same-origin\" scrolling=\"no\" style=\"overflow:hidden;\" width=\"\" height=\"\" class=\"\" title=\"p5.js canvas\"><\/iframe><\/div><\/div><\/div><div class=\"wp-block-uagb-container uag-hide-mob uagb-block-4130f5da\">\n<div class=\"wp-block-gutenbergp5-p5js gutenbergp5-align-center\"><iframe srcdoc=\"        <!DOCTYPE html&gt;        <html&gt;            <body style=&quot;padding: 0; margin: 0;&quot;&gt;<\/body&gt;            <script src=&quot;https:\/\/du-bednbreakfast.ch\/wp-content\/plugins\/easy-p5-js-block\/\/assets\/js\/p5.min.js&quot;&gt;<\/script&gt;\n            <script&gt;\n                function setup() {\n  createCanvas(1200, 300);\n  background(255);\n  smooth();\n  frameRate(4);\n  colorMode(HSB); \/\/ Set color mode to HSB\n}\n\nfunction draw() {\nnoStroke()\nlet h = random(230); \/\/ Random hue between 0 and xxx\n  let s = random(30, 70); \/\/ Random saturation between a% and b%\n  let b = random(30, 50); \/\/ Random brightness between a% and b%\n  let a = random(0.01, 0.75); \/\/ Random alpha between a% and b%\n  let x = random(30, 1170);\n  let y = random(30, 270);\n  let diam = random(4, 25);  fill(h, s, b, a); \/\/ Use HSB values for fill\n  drawHexagon(x, y, diam);\n}\n\nfunction drawHexagon(x, y, radius) {\n  beginShape();\n  for (let i = 0; i < 6; i++) {\n    let angle = TWO_PI \/ 6 * i + PI \/ 6; \/\/ Rotate hexagon by 90 degrees\n    let xOffset = cos(angle) * radius; \/\/ X offset\n    let yOffset = sin(angle) * radius; \/\/ Y offset\n    vertex(x + xOffset, y + yOffset); \/\/ Create vertex\n  }\n  endShape(CLOSE); \/\/ Complete the shape\n}\n\n            <\/script&gt;\n        <\/html&gt;\" sandbox=\"allow-scripts allow-same-origin\" scrolling=\"no\" style=\"overflow:hidden;\" width=\"\" height=\"\" class=\"\" title=\"p5.js canvas\"><\/iframe><\/div><\/div><\/div><\/div><div class=\"wp-block-uagb-container uagb-block-7a261d6f alignfull uagb-is-root-container\"><div class=\"uagb-container-inner-blocks-wrap\">\n<div class=\"wp-block-uagb-container uagb-block-00e359f9\">\n<div class=\"wp-block-uagb-info-box uagb-block-ac7bf9e7 uagb-infobox__content-wrap  uagb-infobox-icon-above-title uagb-infobox-image-valign-top\"><div class=\"uagb-ifb-content\"><div class=\"uagb-ifb-title-wrap\"><p class=\"uagb-ifb-title\">EMAIL<\/p><\/div><p class=\"uagb-ifb-desc\"><a href=\"mailto:hi@du-bednbreakfast.ch\">hi@du-bednbreakfast.ch<\/a><\/p><\/div><\/div>\n\n\n\n<div class=\"wp-block-uagb-info-box uagb-block-7179eb58 uagb-infobox__content-wrap  uagb-infobox-icon-above-title uagb-infobox-image-valign-top\"><div class=\"uagb-ifb-content\"><div class=\"uagb-ifb-title-wrap\"><p class=\"uagb-ifb-title\">TELEFON<\/p><\/div><p class=\"uagb-ifb-desc\">+41 (0)78 815 94 35<\/p><\/div><\/div>\n\n\n\n<div class=\"wp-block-uagb-info-box uagb-block-a8636727 uagb-infobox__content-wrap  uagb-infobox-icon-above-title uagb-infobox-image-valign-top\"><div class=\"uagb-ifb-content\"><div class=\"uagb-ifb-title-wrap\"><p class=\"uagb-ifb-title\">ADRESSE<\/p><\/div><p class=\"uagb-ifb-desc\">DU Bed &amp; Breakfast<br>Sch\u00fctzenmattstrasse 81<br>4051 Basel, Switzerland<\/p><\/div><\/div>\n<\/div>\n\n\n\n<div class=\"wp-block-uagb-container uagb-block-93d56b86\">\n<div class=\"wp-block-uagb-forms uagb-forms__outer-wrap uagb-block-4d1604bb uagb-forms__medium-btn uag-hide-desktop uag-hide-tab uag-hide-mob\"><form class=\"uagb-forms-main-form\" method=\"post\" autocomplete=\"on\" name=\"uagb-form-4d1604bb\" action=\"\">\n<div class=\"wp-block-uagb-forms-name uagb-forms-name-wrap uagb-forms-field-set uagb-block-ce27f138\"><div class=\"uagb-forms-name-label required uagb-forms-input-label\" id=\"ce27f138\">First Name<\/div><input type=\"text\" placeholder=\"Name\" required class=\"uagb-forms-name-input uagb-forms-input\" name=\"ce27f138\" autocomplete=\"given-name\"\/><\/div>\n\n\n\n<div class=\"wp-block-uagb-forms-email uagb-forms-email-wrap uagb-forms-field-set uagb-block-8b290afe\"><div class=\"uagb-forms-email-label required uagb-forms-input-label\" id=\"8b290afe\">Email<\/div><input type=\"email\" class=\"uagb-forms-email-input uagb-forms-input\" placeholder=\"Email\" required name=\"8b290afe\" autocomplete=\"email\"\/><\/div>\n\n\n\n<div class=\"wp-block-uagb-forms-textarea uagb-forms-textarea-wrap uagb-forms-field-set uagb-block-4c8f4299\"><div class=\"uagb-forms-textarea-label required uagb-forms-input-label\" id=\"4c8f4299\">Message<\/div><textarea required class=\"uagb-forms-textarea-input uagb-forms-input\" rows=\"4\" placeholder=\"Message\" name=\"4c8f4299\" autocomplete=\"off\"><\/textarea><\/div>\n<div class=\"uagb-forms-form-hidden-data\"><input type=\"hidden\" class=\"uagb_forms_form_label\" value=\"Spectra Form\"\/><input type=\"hidden\" class=\"uagb_forms_form_id\" value=\"uagb-form-4d1604bb\"\/><\/div><div class=\"uagb-form-reacaptcha-error-4d1604bb\"><\/div><div class=\"uagb-forms-main-submit-button-wrap wp-block-button\"><button class=\"uagb-forms-main-submit-button wp-block-button__link\"><div class=\"uagb-forms-main-submit-button-text\">Send<\/div><\/button><\/div><input type=\"hidden\" name=\"trp-form-language\" value=\"en\"\/><\/form><div class=\"uagb-forms-success-message-4d1604bb uagb-forms-submit-message-hide\"><span>Thank you for your message. We will get in touch with you.<\/span><\/div><div class=\"uagb-forms-failed-message-4d1604bb uagb-forms-submit-message-hide\"><span>An error has occurred. Please check all form fields again.<\/span><\/div><\/div>\n<\/div>\n<\/div><\/div>\n\n\n\n<p><\/p>","protected":false},"excerpt":{"rendered":"<p>Plane deinen Besuch bei uns W\u00e4hle die passende Option Lass uns wissen, f\u00fcr welchen Zeitraum du buchen m\u00f6chtest und welches Zimmer deinen Bed\u00fcrfnissen am besten entspricht!Die Zimmerpreise findest du weiter unten. Sie verstehen sich inklusive Fr\u00fchst\u00fcck und werden als Einzel-\/bzw. Doppelbelegung angezeigt. Beachte, dass der Betrag bei Anl\u00e4ssen wie Messen und Grossveranstaltungen variieren kann (Tarife [&hellip;]<\/p>\n","protected":false},"author":1,"featured_media":0,"parent":0,"menu_order":0,"comment_status":"closed","ping_status":"closed","template":"","meta":{"_uag_custom_page_level_css":"","site-sidebar-layout":"no-sidebar","site-content-layout":"page-builder","ast-site-content-layout":"full-width-container","site-content-style":"unboxed","site-sidebar-style":"unboxed","ast-global-header-display":"","ast-banner-title-visibility":"","ast-main-header-display":"","ast-hfb-above-header-display":"","ast-hfb-below-header-display":"","ast-hfb-mobile-header-display":"","site-post-title":"disabled","ast-breadcrumbs-content":"","ast-featured-img":"disabled","footer-sml-layout":"","ast-disable-related-posts":"","theme-transparent-header-meta":"enabled","adv-header-id-meta":"","stick-header-meta":"","header-above-stick-meta":"","header-main-stick-meta":"","header-below-stick-meta":"","astra-migrate-meta-layouts":"set","ast-page-background-enabled":"default","ast-page-background-meta":{"desktop":{"background-color":"var(--ast-global-color-4)","background-image":"","background-repeat":"repeat","background-position":"center center","background-size":"auto","background-attachment":"scroll","background-type":"","background-media":"","overlay-type":"","overlay-color":"","overlay-opacity":"","overlay-gradient":""},"tablet":{"background-color":"","background-image":"","background-repeat":"repeat","background-position":"center center","background-size":"auto","background-attachment":"scroll","background-type":"","background-media":"","overlay-type":"","overlay-color":"","overlay-opacity":"","overlay-gradient":""},"mobile":{"background-color":"","background-image":"","background-repeat":"repeat","background-position":"center center","background-size":"auto","background-attachment":"scroll","background-type":"","background-media":"","overlay-type":"","overlay-color":"","overlay-opacity":"","overlay-gradient":""}},"ast-content-background-meta":{"desktop":{"background-color":"var(--ast-global-color-5)","background-image":"","background-repeat":"repeat","background-position":"center center","background-size":"auto","background-attachment":"scroll","background-type":"","background-media":"","overlay-type":"","overlay-color":"","overlay-opacity":"","overlay-gradient":""},"tablet":{"background-color":"var(--ast-global-color-5)","background-image":"","background-repeat":"repeat","background-position":"center center","background-size":"auto","background-attachment":"scroll","background-type":"","background-media":"","overlay-type":"","overlay-color":"","overlay-opacity":"","overlay-gradient":""},"mobile":{"background-color":"var(--ast-global-color-5)","background-image":"","background-repeat":"repeat","background-position":"center center","background-size":"auto","background-attachment":"scroll","background-type":"","background-media":"","overlay-type":"","overlay-color":"","overlay-opacity":"","overlay-gradient":""}},"footnotes":""},"class_list":["post-1328","page","type-page","status-publish","hentry"],"aioseo_notices":[],"uagb_featured_image_src":{"full":false,"thumbnail":false,"medium":false,"medium_large":false,"large":false,"1536x1536":false,"2048x2048":false,"trp-custom-language-flag":false},"uagb_author_info":{"display_name":"liliatabea@gmail.com","author_link":"https:\/\/du-bednbreakfast.ch\/en\/author\/liliatabeagmail-com\/"},"uagb_comment_info":0,"uagb_excerpt":"Plane deinen Besuch bei uns W\u00e4hle die passende Option Lass uns wissen, f\u00fcr welchen Zeitraum du buchen m\u00f6chtest und welches Zimmer deinen Bed\u00fcrfnissen am besten entspricht!Die Zimmerpreise findest du weiter unten. Sie verstehen sich inklusive Fr\u00fchst\u00fcck und werden als Einzel-\/bzw. Doppelbelegung angezeigt. Beachte, dass der Betrag bei Anl\u00e4ssen wie Messen und Grossveranstaltungen variieren kann (Tarife&hellip;","_links":{"self":[{"href":"https:\/\/du-bednbreakfast.ch\/en\/wp-json\/wp\/v2\/pages\/1328","targetHints":{"allow":["GET"]}}],"collection":[{"href":"https:\/\/du-bednbreakfast.ch\/en\/wp-json\/wp\/v2\/pages"}],"about":[{"href":"https:\/\/du-bednbreakfast.ch\/en\/wp-json\/wp\/v2\/types\/page"}],"author":[{"embeddable":true,"href":"https:\/\/du-bednbreakfast.ch\/en\/wp-json\/wp\/v2\/users\/1"}],"replies":[{"embeddable":true,"href":"https:\/\/du-bednbreakfast.ch\/en\/wp-json\/wp\/v2\/comments?post=1328"}],"version-history":[{"count":148,"href":"https:\/\/du-bednbreakfast.ch\/en\/wp-json\/wp\/v2\/pages\/1328\/revisions"}],"predecessor-version":[{"id":3725,"href":"https:\/\/du-bednbreakfast.ch\/en\/wp-json\/wp\/v2\/pages\/1328\/revisions\/3725"}],"wp:attachment":[{"href":"https:\/\/du-bednbreakfast.ch\/en\/wp-json\/wp\/v2\/media?parent=1328"}],"curies":[{"name":"wp","href":"https:\/\/api.w.org\/{rel}","templated":true}]}}