{"id":1324,"date":"2024-09-06T08:01:43","date_gmt":"2024-09-06T08:01:43","guid":{"rendered":"https:\/\/orchid-alpaca-334214.hostingersite.com\/about\/"},"modified":"2024-12-09T14:47:16","modified_gmt":"2024-12-09T14:47:16","slug":"haus","status":"publish","type":"page","link":"https:\/\/du-bednbreakfast.ch\/en\/haus\/","title":{"rendered":"House"},"content":{"rendered":"<div class=\"wp-block-uagb-container uagb-block-3ad17e27 alignfull uagb-is-root-container\">\n<div class=\"wp-block-uagb-advanced-heading uagb-block-de4129bf\"><h1 class=\"uagb-heading-text\">House<\/h1><\/div>\n<\/div>\n\n\n\n<div class=\"wp-block-uagb-container uagb-block-87768d3c alignfull uagb-is-root-container\"><div class=\"uagb-container-inner-blocks-wrap\">\n<p style=\"margin-top:var(--wp--preset--spacing--70);margin-bottom:var(--wp--preset--spacing--70)\">We want our  townhouse - built in 1896 - to be a place of enjoyment!<br>In addition to an overnight stay in one of the cosy rooms, our offer for you includes a tasty, home-made breakfast as well as shared use of the guest rooms and the garden seating areas surrounded by flowers and herbs.<br><\/p>\n<\/div><\/div>\n\n\n\n<div class=\"wp-block-uagb-container uagb-block-31c182c3 alignfull uagb-is-root-container\"><div class=\"uagb-container-inner-blocks-wrap\">\n<h2 class=\"wp-block-heading has-text-align-center\">Impressions<\/h2>\n\n\n\n<p class=\"has-text-align-center\">Treat yourself to a stay with us and experience relaxing days in a house with history!<\/p>\n\n\n\n<div class=\"wp-block-uagb-container uagb-block-ff4551f3\">\n<figure class=\"wp-block-image size-large is-resized uag-hide-mob\"><img loading=\"lazy\" decoding=\"async\" width=\"1024\" height=\"683\" src=\"https:\/\/du-bednbreakfast.ch\/wp-content\/uploads\/2024\/11\/BX_Basel-Schuetzenmattstrasse-046-1024x683.jpg\" alt=\"\" class=\"wp-image-3033\" style=\"object-fit:cover;width:295px;height:400px\" srcset=\"https:\/\/du-bednbreakfast.ch\/wp-content\/uploads\/2024\/11\/BX_Basel-Schuetzenmattstrasse-046-1024x683.jpg 1024w, https:\/\/du-bednbreakfast.ch\/wp-content\/uploads\/2024\/11\/BX_Basel-Schuetzenmattstrasse-046-300x200.jpg 300w, https:\/\/du-bednbreakfast.ch\/wp-content\/uploads\/2024\/11\/BX_Basel-Schuetzenmattstrasse-046-768x512.jpg 768w, https:\/\/du-bednbreakfast.ch\/wp-content\/uploads\/2024\/11\/BX_Basel-Schuetzenmattstrasse-046-1536x1024.jpg 1536w, https:\/\/du-bednbreakfast.ch\/wp-content\/uploads\/2024\/11\/BX_Basel-Schuetzenmattstrasse-046-2048x1365.jpg 2048w, https:\/\/du-bednbreakfast.ch\/wp-content\/uploads\/2024\/11\/BX_Basel-Schuetzenmattstrasse-046-18x12.jpg 18w\" sizes=\"auto, (max-width: 1024px) 100vw, 1024px\" \/><\/figure>\n\n\n\n<figure class=\"wp-block-image size-large is-resized\"><img loading=\"lazy\" decoding=\"async\" width=\"683\" height=\"1024\" src=\"https:\/\/du-bednbreakfast.ch\/wp-content\/uploads\/2024\/11\/BX_Basel-Schuetzenmattstrasse-058-683x1024.jpg\" alt=\"\" class=\"wp-image-3042\" style=\"aspect-ratio:1;object-fit:cover;width:auto;height:400px\" srcset=\"https:\/\/du-bednbreakfast.ch\/wp-content\/uploads\/2024\/11\/BX_Basel-Schuetzenmattstrasse-058-683x1024.jpg 683w, https:\/\/du-bednbreakfast.ch\/wp-content\/uploads\/2024\/11\/BX_Basel-Schuetzenmattstrasse-058-200x300.jpg 200w, https:\/\/du-bednbreakfast.ch\/wp-content\/uploads\/2024\/11\/BX_Basel-Schuetzenmattstrasse-058-768x1152.jpg 768w, https:\/\/du-bednbreakfast.ch\/wp-content\/uploads\/2024\/11\/BX_Basel-Schuetzenmattstrasse-058-1024x1536.jpg 1024w, https:\/\/du-bednbreakfast.ch\/wp-content\/uploads\/2024\/11\/BX_Basel-Schuetzenmattstrasse-058-1366x2048.jpg 1366w, https:\/\/du-bednbreakfast.ch\/wp-content\/uploads\/2024\/11\/BX_Basel-Schuetzenmattstrasse-058-8x12.jpg 8w, https:\/\/du-bednbreakfast.ch\/wp-content\/uploads\/2024\/11\/BX_Basel-Schuetzenmattstrasse-058-scaled.jpg 1707w\" sizes=\"auto, (max-width: 683px) 100vw, 683px\" \/><\/figure>\n\n\n\n<figure class=\"wp-block-image size-large is-resized uag-hide-mob\"><img loading=\"lazy\" decoding=\"async\" width=\"726\" height=\"1024\" src=\"https:\/\/du-bednbreakfast.ch\/wp-content\/uploads\/2024\/09\/DUBnB_49-scaled-e1732917067778-726x1024.jpg\" alt=\"\" class=\"wp-image-2292\" style=\"width:auto;height:400px\" srcset=\"https:\/\/du-bednbreakfast.ch\/wp-content\/uploads\/2024\/09\/DUBnB_49-scaled-e1732917067778-726x1024.jpg 726w, https:\/\/du-bednbreakfast.ch\/wp-content\/uploads\/2024\/09\/DUBnB_49-scaled-e1732917067778-213x300.jpg 213w, https:\/\/du-bednbreakfast.ch\/wp-content\/uploads\/2024\/09\/DUBnB_49-scaled-e1732917067778-768x1083.jpg 768w, https:\/\/du-bednbreakfast.ch\/wp-content\/uploads\/2024\/09\/DUBnB_49-scaled-e1732917067778-1089x1536.jpg 1089w, https:\/\/du-bednbreakfast.ch\/wp-content\/uploads\/2024\/09\/DUBnB_49-scaled-e1732917067778-9x12.jpg 9w, https:\/\/du-bednbreakfast.ch\/wp-content\/uploads\/2024\/09\/DUBnB_49-scaled-e1732917067778.jpg 1244w\" sizes=\"auto, (max-width: 726px) 100vw, 726px\" \/><\/figure>\n<\/div>\n\n\n\n<div class=\"wp-block-uagb-container uagb-block-d1842020 alignfull uagb-is-root-container\"><div class=\"uagb-container-inner-blocks-wrap\">\n<figure class=\"wp-block-image size-large is-resized\"><img loading=\"lazy\" decoding=\"async\" width=\"1024\" height=\"683\" src=\"https:\/\/du-bednbreakfast.ch\/wp-content\/uploads\/2024\/11\/BX_Basel-Schuetzenmattstrasse-057-1024x683.jpg\" alt=\"\" class=\"wp-image-3041\" style=\"aspect-ratio:1;object-fit:cover;width:auto;height:400px\" srcset=\"https:\/\/du-bednbreakfast.ch\/wp-content\/uploads\/2024\/11\/BX_Basel-Schuetzenmattstrasse-057-1024x683.jpg 1024w, https:\/\/du-bednbreakfast.ch\/wp-content\/uploads\/2024\/11\/BX_Basel-Schuetzenmattstrasse-057-300x200.jpg 300w, https:\/\/du-bednbreakfast.ch\/wp-content\/uploads\/2024\/11\/BX_Basel-Schuetzenmattstrasse-057-768x512.jpg 768w, https:\/\/du-bednbreakfast.ch\/wp-content\/uploads\/2024\/11\/BX_Basel-Schuetzenmattstrasse-057-1536x1024.jpg 1536w, https:\/\/du-bednbreakfast.ch\/wp-content\/uploads\/2024\/11\/BX_Basel-Schuetzenmattstrasse-057-2048x1365.jpg 2048w, https:\/\/du-bednbreakfast.ch\/wp-content\/uploads\/2024\/11\/BX_Basel-Schuetzenmattstrasse-057-18x12.jpg 18w\" sizes=\"auto, (max-width: 1024px) 100vw, 1024px\" \/><\/figure>\n\n\n\n<figure class=\"wp-block-image size-large is-resized\"><img loading=\"lazy\" decoding=\"async\" width=\"1024\" height=\"683\" src=\"https:\/\/du-bednbreakfast.ch\/wp-content\/uploads\/2024\/11\/BX_Basel-Schuetzenmattstrasse-054-1024x683.jpg\" alt=\"\" class=\"wp-image-3036\" style=\"width:auto;height:400px\" srcset=\"https:\/\/du-bednbreakfast.ch\/wp-content\/uploads\/2024\/11\/BX_Basel-Schuetzenmattstrasse-054-1024x683.jpg 1024w, https:\/\/du-bednbreakfast.ch\/wp-content\/uploads\/2024\/11\/BX_Basel-Schuetzenmattstrasse-054-300x200.jpg 300w, https:\/\/du-bednbreakfast.ch\/wp-content\/uploads\/2024\/11\/BX_Basel-Schuetzenmattstrasse-054-768x512.jpg 768w, https:\/\/du-bednbreakfast.ch\/wp-content\/uploads\/2024\/11\/BX_Basel-Schuetzenmattstrasse-054-1536x1024.jpg 1536w, https:\/\/du-bednbreakfast.ch\/wp-content\/uploads\/2024\/11\/BX_Basel-Schuetzenmattstrasse-054-2048x1365.jpg 2048w, https:\/\/du-bednbreakfast.ch\/wp-content\/uploads\/2024\/11\/BX_Basel-Schuetzenmattstrasse-054-18x12.jpg 18w\" sizes=\"auto, (max-width: 1024px) 100vw, 1024px\" \/><\/figure>\n<\/div><\/div>\n<\/div><\/div>\n\n\n\n<div class=\"wp-block-uagb-container uagb-block-ceb166e0 alignfull uagb-is-root-container\"><div class=\"uagb-container-inner-blocks-wrap\">\n<div class=\"wp-block-uagb-call-to-action uagb-block-909c4f9a\"><div class=\"uagb-cta__wrap\"><h2 class=\"uagb-cta__title\"><br>Our offer<\/h2><\/div><div class=\"uagb-cta__buttons\"><\/div><\/div>\n\n\n\n<div class=\"wp-block-uagb-container uagb-block-e08dbec5 alignfull uagb-is-root-container\"><div class=\"uagb-container-inner-blocks-wrap\">\n<div class=\"wp-block-uagb-info-box uagb-block-53e96d6a uagb-infobox__content-wrap  uagb-infobox-icon-above-title uagb-infobox-image-valign-top\"><div class=\"uagb-ifb-content\"><div class=\"uagb-ifb-image-content\"><img decoding=\"async\" src=\"https:\/\/du-bednbreakfast.ch\/wp-content\/uploads\/2024\/11\/BX_Basel-Schuetzenmattstrasse-025-scaled-e1732722131103.jpg\" alt=\"\" width=\"100\" height=\"130\" loading=\"lazy\"\/><\/div><div class=\"uagb-ifb-title-wrap\"><h3 class=\"uagb-ifb-title\">A guest room to make you feel at home<\/h3><\/div><p class=\"uagb-ifb-desc\">Our three rooms are located on a separate guest floor. They are cozy and stylishly furnished with unique pieces that have been chosen carefully. They are cozy and stylishly furnished with carefully chosen, unique pieces.<\/p><div class=\"uagb-ifb-button-wrapper wp-block-button\"><a href=\"\/en\/zimmer\/\" target=\"_self\" onclick=\"return true;\" class=\"uagb-infobox-cta-link\" rel=\"noopener noreferrer\"><span class=\"uagb-inline-editing\">VIEW ROOM<\/span><svg xmlns=\"https:\/\/www.w3.org\/2000\/svg\" viewbox=\"0 0 512 512\"><path d=\"M504.3 273.6l-112.1 104c-6.992 6.484-17.18 8.218-25.94 4.406c-8.758-3.812-14.42-12.45-14.42-21.1L351.9 288H32C14.33 288 .0002 273.7 .0002 255.1S14.33 224 32 224h319.9l0-72c0-9.547 5.66-18.19 14.42-22c8.754-3.809 18.95-2.075 25.94 4.41l112.1 104C514.6 247.9 514.6 264.1 504.3 273.6z\"><\/path><\/svg><\/a><\/div><\/div><\/div>\n\n\n\n<div class=\"wp-block-uagb-info-box uagb-block-f61698d1 uagb-infobox__content-wrap  uagb-infobox-icon-above-title uagb-infobox-image-valign-top\"><div class=\"uagb-ifb-content\"><div class=\"uagb-ifb-image-content\"><img decoding=\"async\" src=\"https:\/\/du-bednbreakfast.ch\/wp-content\/uploads\/2024\/11\/20241028_175957-scaled-e1732721327478.jpeg\" alt=\"\" width=\"100\" height=\"131\" loading=\"lazy\"\/><\/div><div class=\"uagb-ifb-title-wrap\"><h3 class=\"uagb-ifb-title\">A breakfast for gourmets<\/h3><\/div><p class=\"uagb-ifb-desc\">Start the day full of energy!<br>We bake our own bread and also offer a daily changing selection of savoury and sweet breakfast options.<\/p><div class=\"uagb-ifb-button-wrapper wp-block-button\"><a href=\"\/en\/buchen\/\" target=\"_self\" onclick=\"return true;\" class=\"uagb-infobox-cta-link\" rel=\"noopener noreferrer\"><span class=\"uagb-inline-editing\">BOOK<\/span><svg xmlns=\"https:\/\/www.w3.org\/2000\/svg\" viewbox=\"0 0 512 512\"><path d=\"M504.3 273.6l-112.1 104c-6.992 6.484-17.18 8.218-25.94 4.406c-8.758-3.812-14.42-12.45-14.42-21.1L351.9 288H32C14.33 288 .0002 273.7 .0002 255.1S14.33 224 32 224h319.9l0-72c0-9.547 5.66-18.19 14.42-22c8.754-3.809 18.95-2.075 25.94 4.41l112.1 104C514.6 247.9 514.6 264.1 504.3 273.6z\"><\/path><\/svg><\/a><\/div><\/div><\/div>\n\n\n\n<div class=\"wp-block-uagb-info-box uagb-block-4928fac9 uagb-infobox__content-wrap  uagb-infobox-icon-above-title uagb-infobox-image-valign-top\"><div class=\"uagb-ifb-content\"><div class=\"uagb-ifb-image-content\"><img decoding=\"async\" src=\"https:\/\/du-bednbreakfast.ch\/wp-content\/uploads\/2024\/11\/20240720_183421-scaled-e1732974794133.jpeg\" alt=\"\" width=\"100\" height=\"131\" loading=\"lazy\"\/><\/div><div class=\"uagb-ifb-title-wrap\"><h3 class=\"uagb-ifb-title\">Spots to relax<\/h3><\/div><p class=\"uagb-ifb-desc\">Do you just want to do nothing in between and take a break from everyday life? The atmospheric corners in our guest and garden areas are perfect for this!<\/p><div class=\"uagb-ifb-button-wrapper wp-block-button\"><a href=\"\/en\/buchen\/\" target=\"_self\" onclick=\"return true;\" class=\"uagb-infobox-cta-link\" rel=\"noopener noreferrer\"><span class=\"uagb-inline-editing\">BOOK<\/span><svg xmlns=\"https:\/\/www.w3.org\/2000\/svg\" viewbox=\"0 0 512 512\"><path d=\"M504.3 273.6l-112.1 104c-6.992 6.484-17.18 8.218-25.94 4.406c-8.758-3.812-14.42-12.45-14.42-21.1L351.9 288H32C14.33 288 .0002 273.7 .0002 255.1S14.33 224 32 224h319.9l0-72c0-9.547 5.66-18.19 14.42-22c8.754-3.809 18.95-2.075 25.94 4.41l112.1 104C514.6 247.9 514.6 264.1 504.3 273.6z\"><\/path><\/svg><\/a><\/div><\/div><\/div>\n<\/div><\/div>\n<\/div><\/div>\n\n\n\n<div class=\"wp-block-uagb-container uagb-block-f8ec2bd3 alignfull uagb-is-root-container\"><div class=\"uagb-container-inner-blocks-wrap\">\n<h2 class=\"wp-block-heading has-text-align-center\">The surrounding area<\/h2>\n\n\n\n<div class=\"wp-block-uagb-image aligncenter uagb-block-2d710799 wp-block-uagb-image--layout-default wp-block-uagb-image--effect-static wp-block-uagb-image--align-center\"><figure class=\"wp-block-uagb-image__figure\"><img decoding=\"async\" srcset=\"https:\/\/du-bednbreakfast.ch\/wp-content\/uploads\/2024\/11\/Basel.jpg ,https:\/\/du-bednbreakfast.ch\/wp-content\/uploads\/2024\/11\/Basel.jpg 780w, https:\/\/du-bednbreakfast.ch\/wp-content\/uploads\/2024\/11\/Basel.jpg 360w\" sizes=\"auto, (max-width: 480px) 150px\" src=\"https:\/\/du-bednbreakfast.ch\/wp-content\/uploads\/2024\/11\/Basel.jpg\" alt=\"\" class=\"uag-image-3116\" width=\"1012\" height=\"683\" title=\"Basel\" loading=\"lazy\" role=\"img\"\/><\/figure><\/div>\n\n\n\n<div class=\"wp-block-uagb-container uagb-block-72514f6d\">\n<div class=\"wp-block-uagb-advanced-heading uagb-block-b317ae0b\"><h3 class=\"uagb-heading-text\">Explore Basel right from your accommodation!<\/h3><p class=\"uagb-desc-text\">Do you fancy new impressions or a little time out? You'll find both in the neighborhood! The Spalenberg with its small, individual shops can be reached in a few minutes. Sch\u00fctzenmatt Park with its extensive green spaces and the oldest zoo in Switzerland are also just a stone\u2019s throw away.<\/p><\/div>\n<\/div>\n<\/div><\/div>\n\n\n\n<div class=\"wp-block-uagb-container uagb-block-ee54362c alignfull uagb-is-root-container\"><div class=\"uagb-container-inner-blocks-wrap\">\n<div class=\"wp-block-uagb-advanced-heading uagb-block-f4d98281\"><h2 class=\"uagb-heading-text\">Plan an unforgettable experience in Basel!<\/h2><p class=\"uagb-desc-text\">We will be happy to help you with the realization.<\/p><\/div>\n\n\n\n<div class=\"wp-block-uagb-advanced-heading uagb-block-b9efa63c\"><\/div>\n\n\n\n<div class=\"wp-block-uagb-icon-list uagb-block-4897b966\"><div class=\"uagb-icon-list__wrap\">\n<div class=\"wp-block-uagb-icon-list-child uagb-block-eb5da6bb\"><span class=\"uagb-icon-list__source-wrap\"><svg xmlns=\"https:\/\/www.w3.org\/2000\/svg\" viewbox=\"0 0 512 512\"><path d=\"M511.2 387l-23.25 100.8c-3.266 14.25-15.79 24.22-30.46 24.22C205.2 512 0 306.8 0 54.5c0-14.66 9.969-27.2 24.22-30.45l100.8-23.25C139.7-2.602 154.7 5.018 160.8 18.92l46.52 108.5c5.438 12.78 1.77 27.67-8.98 36.45L144.5 207.1c33.98 69.22 90.26 125.5 159.5 159.5l44.08-53.8c8.688-10.78 23.69-14.51 36.47-8.975l108.5 46.51C506.1 357.2 514.6 372.4 511.2 387z\"><\/path><\/svg><\/span><span class=\"uagb-icon-list__label\">+41 78 815 94 35<\/span><\/div>\n<\/div><\/div>\n<\/div><\/div>","protected":false},"excerpt":{"rendered":"<p>Das Haus Unser 1896 erbautes Stadthaus soll ein Ort des Geniessens sein!Nebst der \u00dcbernachtung in einem der gem\u00fctlichen Zimmer umfasst unser Angebot f\u00fcr dich\/euch ein schmackhaftes, hausgemachtes Fr\u00fchst\u00fcck sowie die Mitbenutzung der G\u00e4ste-R\u00e4umlichkeiten und der lauschigen Gartensitzpl\u00e4tze inmitten von Blumen und Kr\u00e4utern. Impressionen\u200b G\u00f6nne dir einen Aufenthalt bei uns und erlebe entspannte Tage in einem [&hellip;]<\/p>\n","protected":false},"author":1,"featured_media":0,"parent":0,"menu_order":0,"comment_status":"closed","ping_status":"closed","template":"","meta":{"_uag_custom_page_level_css":"","site-sidebar-layout":"no-sidebar","site-content-layout":"page-builder","ast-site-content-layout":"full-width-container","site-content-style":"unboxed","site-sidebar-style":"default","ast-global-header-display":"","ast-banner-title-visibility":"","ast-main-header-display":"","ast-hfb-above-header-display":"","ast-hfb-below-header-display":"","ast-hfb-mobile-header-display":"","site-post-title":"disabled","ast-breadcrumbs-content":"","ast-featured-img":"disabled","footer-sml-layout":"","ast-disable-related-posts":"","theme-transparent-header-meta":"enabled","adv-header-id-meta":"","stick-header-meta":"","header-above-stick-meta":"","header-main-stick-meta":"","header-below-stick-meta":"","astra-migrate-meta-layouts":"set","ast-page-background-enabled":"default","ast-page-background-meta":{"desktop":{"background-color":"var(--ast-global-color-4)","background-image":"","background-repeat":"repeat","background-position":"center center","background-size":"auto","background-attachment":"scroll","background-type":"","background-media":"","overlay-type":"","overlay-color":"","overlay-opacity":"","overlay-gradient":""},"tablet":{"background-color":"","background-image":"","background-repeat":"repeat","background-position":"center center","background-size":"auto","background-attachment":"scroll","background-type":"","background-media":"","overlay-type":"","overlay-color":"","overlay-opacity":"","overlay-gradient":""},"mobile":{"background-color":"","background-image":"","background-repeat":"repeat","background-position":"center center","background-size":"auto","background-attachment":"scroll","background-type":"","background-media":"","overlay-type":"","overlay-color":"","overlay-opacity":"","overlay-gradient":""}},"ast-content-background-meta":{"desktop":{"background-color":"var(--ast-global-color-5)","background-image":"","background-repeat":"repeat","background-position":"center center","background-size":"auto","background-attachment":"scroll","background-type":"","background-media":"","overlay-type":"","overlay-color":"","overlay-opacity":"","overlay-gradient":""},"tablet":{"background-color":"var(--ast-global-color-5)","background-image":"","background-repeat":"repeat","background-position":"center center","background-size":"auto","background-attachment":"scroll","background-type":"","background-media":"","overlay-type":"","overlay-color":"","overlay-opacity":"","overlay-gradient":""},"mobile":{"background-color":"var(--ast-global-color-5)","background-image":"","background-repeat":"repeat","background-position":"center center","background-size":"auto","background-attachment":"scroll","background-type":"","background-media":"","overlay-type":"","overlay-color":"","overlay-opacity":"","overlay-gradient":""}},"footnotes":""},"class_list":["post-1324","page","type-page","status-publish","hentry"],"aioseo_notices":[],"uagb_featured_image_src":{"full":false,"thumbnail":false,"medium":false,"medium_large":false,"large":false,"1536x1536":false,"2048x2048":false,"trp-custom-language-flag":false},"uagb_author_info":{"display_name":"liliatabea@gmail.com","author_link":"https:\/\/du-bednbreakfast.ch\/en\/author\/liliatabeagmail-com\/"},"uagb_comment_info":0,"uagb_excerpt":"Das Haus Unser 1896 erbautes Stadthaus soll ein Ort des Geniessens sein!Nebst der \u00dcbernachtung in einem der gem\u00fctlichen Zimmer umfasst unser Angebot f\u00fcr dich\/euch ein schmackhaftes, hausgemachtes Fr\u00fchst\u00fcck sowie die Mitbenutzung der G\u00e4ste-R\u00e4umlichkeiten und der lauschigen Gartensitzpl\u00e4tze inmitten von Blumen und Kr\u00e4utern. Impressionen\u200b G\u00f6nne dir einen Aufenthalt bei uns und erlebe entspannte Tage in einem&hellip;","_links":{"self":[{"href":"https:\/\/du-bednbreakfast.ch\/en\/wp-json\/wp\/v2\/pages\/1324","targetHints":{"allow":["GET"]}}],"collection":[{"href":"https:\/\/du-bednbreakfast.ch\/en\/wp-json\/wp\/v2\/pages"}],"about":[{"href":"https:\/\/du-bednbreakfast.ch\/en\/wp-json\/wp\/v2\/types\/page"}],"author":[{"embeddable":true,"href":"https:\/\/du-bednbreakfast.ch\/en\/wp-json\/wp\/v2\/users\/1"}],"replies":[{"embeddable":true,"href":"https:\/\/du-bednbreakfast.ch\/en\/wp-json\/wp\/v2\/comments?post=1324"}],"version-history":[{"count":99,"href":"https:\/\/du-bednbreakfast.ch\/en\/wp-json\/wp\/v2\/pages\/1324\/revisions"}],"predecessor-version":[{"id":3702,"href":"https:\/\/du-bednbreakfast.ch\/en\/wp-json\/wp\/v2\/pages\/1324\/revisions\/3702"}],"wp:attachment":[{"href":"https:\/\/du-bednbreakfast.ch\/en\/wp-json\/wp\/v2\/media?parent=1324"}],"curies":[{"name":"wp","href":"https:\/\/api.w.org\/{rel}","templated":true}]}}